{"id":442,"date":"2020-10-01T18:18:11","date_gmt":"2020-10-01T16:18:11","guid":{"rendered":"http:\/\/revedebouchons61.com\/?page_id=442"},"modified":"2026-03-02T09:29:44","modified_gmt":"2026-03-02T08:29:44","slug":"oui-mais-quels-bouchons","status":"publish","type":"page","link":"https:\/\/revedebouchons61.com\/index.php\/oui-mais-quels-bouchons\/","title":{"rendered":"Oui, mais quels bouchons?"},"content":{"rendered":"\t\t<div data-elementor-type=\"wp-page\" data-elementor-id=\"442\" class=\"elementor elementor-442\">\n\t\t\t\t\t\t<section class=\"elementor-section elementor-top-section elementor-element elementor-element-f81dd79 elementor-section-boxed elementor-section-height-default elementor-section-height-default\" data-id=\"f81dd79\" data-element_type=\"section\" data-e-type=\"section\">\n\t\t\t\t\t\t<div class=\"elementor-container elementor-column-gap-default\">\n\t\t\t\t\t<div class=\"elementor-column elementor-col-100 elementor-top-column elementor-element elementor-element-b703af3\" data-id=\"b703af3\" data-element_type=\"column\" data-e-type=\"column\">\n\t\t\t<div class=\"elementor-widget-wrap elementor-element-populated\">\n\t\t\t\t\t\t<div class=\"elementor-element elementor-element-b4443ff elementor-widget elementor-widget-heading\" data-id=\"b4443ff\" data-element_type=\"widget\" data-e-type=\"widget\" data-widget_type=\"heading.default\">\n\t\t\t\t<div class=\"elementor-widget-container\">\n\t\t\t\t\t<h2 class=\"elementor-heading-title elementor-size-default\">                      QUE DU PLASTIQUE!<\/h2>\t\t\t\t<\/div>\n\t\t\t\t<\/div>\n\t\t\t\t\t<\/div>\n\t\t<\/div>\n\t\t\t\t\t<\/div>\n\t\t<\/section>\n\t\t\t\t<section class=\"elementor-section elementor-top-section elementor-element elementor-element-9d19419 elementor-section-boxed elementor-section-height-default elementor-section-height-default\" data-id=\"9d19419\" data-element_type=\"section\" data-e-type=\"section\">\n\t\t\t\t\t\t<div class=\"elementor-container elementor-column-gap-default\">\n\t\t\t\t\t<div class=\"elementor-column elementor-col-50 elementor-top-column elementor-element elementor-element-b1fc104\" data-id=\"b1fc104\" data-element_type=\"column\" data-e-type=\"column\">\n\t\t\t<div class=\"elementor-widget-wrap elementor-element-populated\">\n\t\t\t\t\t\t<div class=\"elementor-element elementor-element-fcefbfb elementor-widget elementor-widget-text-editor\" data-id=\"fcefbfb\" data-element_type=\"widget\" data-e-type=\"widget\" data-widget_type=\"text-editor.default\">\n\t\t\t\t<div class=\"elementor-widget-container\">\n\t\t\t\t\t\t\t\t\t<p style=\"text-align: center;\"><span style=\"color: #339966;\"><strong><img decoding=\"async\" class=\"alignnone size-full wp-image-448\" src=\"https:\/\/revedebouchons61.com\/wp-content\/uploads\/2020\/10\/emogi-vert.jpg\" alt=\"\" width=\"245\" height=\"102\" \/><\/strong><\/span><\/p><p style=\"text-align: center;\"><span style=\"color: #339966;\"><strong>Bouchons alimentaires<\/strong><\/span>:<\/p><p style=\"text-align: center;\"><strong>eau, lait, sodas, compotes, huile&#8230;&#8230;<\/strong><\/p><p style=\"text-align: center;\"><span style=\"color: #339966;\"><strong>Couvercles<\/strong><\/span>:<\/p><p style=\"text-align: center;\"><strong>cr\u00e8me, chocolat, p\u00e2tes \u00e0 tartiner,caf\u00e9, moutarde, tabac&#8230;<\/strong><\/p><p style=\"text-align: center;\"><span style=\"color: #ff6600;\">Attention<\/span>: <strong>enlever les cartonnettes internes<\/strong><\/p><p style=\"text-align: center;\"><span style=\"color: #339966;\"><strong>Bouchons de produits d&rsquo;hygi\u00e8ne<\/strong><\/span>:<\/p><p style=\"text-align: center;\"><strong>dentifrice, shampoing, gels douche<\/strong><\/p><p style=\"text-align: center;\"><span style=\"color: #339966;\"><strong>Bouchons de produits m\u00e9nagers<\/strong><\/span>:<\/p><p style=\"text-align: center;\"><strong>liquide vaisselle, lessive, assouplissant, a\u00e9rosols<\/strong><\/p><p><strong>Nota<\/strong>: nous prenons aussi les<span style=\"color: #008000;\"> bouchons en li\u00e8ge<\/span> que nous redonnons aux <strong>\u00ab\u00a0bouchons du coeur du calvados\u00a0\u00bb<\/strong> (merci de les mettre dans un sac \u00e0 part)<\/p>\t\t\t\t\t\t\t\t<\/div>\n\t\t\t\t<\/div>\n\t\t\t\t\t<\/div>\n\t\t<\/div>\n\t\t\t\t<div class=\"elementor-column elementor-col-50 elementor-top-column elementor-element elementor-element-9776a57\" data-id=\"9776a57\" data-element_type=\"column\" data-e-type=\"column\">\n\t\t\t<div class=\"elementor-widget-wrap elementor-element-populated\">\n\t\t\t\t\t\t<div class=\"elementor-element elementor-element-9e2aa11 elementor-widget elementor-widget-text-editor\" data-id=\"9e2aa11\" data-element_type=\"widget\" data-e-type=\"widget\" data-widget_type=\"text-editor.default\">\n\t\t\t\t<div class=\"elementor-widget-container\">\n\t\t\t\t\t\t\t\t\t<p style=\"text-align: center;\"><span style=\"color: #ff0000;\"><img decoding=\"async\" class=\"alignnone size-full wp-image-449\" src=\"https:\/\/revedebouchons61.com\/wp-content\/uploads\/2020\/10\/emogi-rouge.jpg\" alt=\"\" width=\"231\" height=\"101\" \/><\/span><\/p><p style=\"text-align: center;\"><span style=\"color: #ff0000;\">Les capsules m\u00e9talliques<\/span><\/p><p style=\"text-align: center;\"><span style=\"color: #ff0000;\">Les bouchons de m\u00e9dicaments<\/span><\/p><p style=\"text-align: center;\"><span style=\"color: #339966;\">(sauf les tubes de m\u00e9dicaments hom\u00e9opatiques qui sont accept\u00e9s)<\/span><\/p><p style=\"text-align: center;\"><span style=\"color: #ff0000;\">Les bouchons d&rsquo;oreilles en mousse<\/span><\/p><p style=\"text-align: center;\"><span style=\"color: #ff0000;\">\u00a0Les gachettes de pulv\u00e9risateurs<\/span><\/p><p style=\"text-align: center;\">(car elles comportent un ressort metalique \u00e0 l&rsquo;int\u00e9rieur)<\/p><p><strong>Et bien s\u00fbr, les trieurs b\u00e9n\u00e9voles vous remercient de ne mettre ni <span style=\"color: #ff0000;\">piles<\/span>, ni <span style=\"color: #ff0000;\">ampoules<\/span> ni autres <span style=\"color: #ff0000;\">objets<\/span> qui peuvent \u00eatre dangereux.<\/strong><\/p>\t\t\t\t\t\t\t\t<\/div>\n\t\t\t\t<\/div>\n\t\t\t\t\t<\/div>\n\t\t<\/div>\n\t\t\t\t\t<\/div>\n\t\t<\/section>\n\t\t\t\t<\/div>\n\t\t","protected":false},"excerpt":{"rendered":"<p>QUE DU PLASTIQUE! Bouchons alimentaires: eau, lait, sodas, compotes, huile&#8230;&#8230; Couvercles: cr\u00e8me, chocolat, p\u00e2tes \u00e0 tartiner,caf\u00e9, moutarde, tabac&#8230; Attention: enlever les cartonnettes internes Bouchons de produits d&rsquo;hygi\u00e8ne: dentifrice, shampoing, gels douche Bouchons de produits m\u00e9nagers: liquide vaisselle, lessive, assouplissant, a\u00e9rosols Nota: nous prenons aussi les bouchons en li\u00e8ge que nous redonnons aux \u00ab\u00a0bouchons du coeur&hellip;&nbsp;<a href=\"https:\/\/revedebouchons61.com\/index.php\/oui-mais-quels-bouchons\/\" rel=\"bookmark\">Lire la suite &raquo;<span class=\"screen-reader-text\">Oui, mais quels bouchons?<\/span><\/a><\/p>\n","protected":false},"author":3,"featured_media":0,"parent":0,"menu_order":0,"comment_status":"closed","ping_status":"closed","template":"page-templates\/template-pagebuilder-full-width.php","meta":{"neve_meta_sidebar":"full-width","neve_meta_container":"","neve_meta_enable_content_width":"on","neve_meta_content_width":100,"neve_meta_title_alignment":"","neve_meta_author_avatar":"","neve_post_elements_order":"","neve_meta_disable_header":"","neve_meta_disable_footer":"","neve_meta_disable_title":"","footnotes":""},"class_list":["post-442","page","type-page","status-publish","hentry"],"yoast_head":"<!-- This site is optimized with the Yoast SEO plugin v26.0 - https:\/\/yoast.com\/wordpress\/plugins\/seo\/ -->\n<title>Oui, mais quels bouchons? - R\u00eave de bouchons 61<\/title>\n<meta name=\"robots\" content=\"index, follow, max-snippet:-1, max-image-preview:large, max-video-preview:-1\" \/>\n<link rel=\"canonical\" href=\"https:\/\/revedebouchons61.com\/index.php\/oui-mais-quels-bouchons\/\" \/>\n<meta property=\"og:locale\" content=\"fr_FR\" \/>\n<meta property=\"og:type\" content=\"article\" \/>\n<meta property=\"og:title\" content=\"Oui, mais quels bouchons? - R\u00eave de bouchons 61\" \/>\n<meta property=\"og:description\" content=\"QUE DU PLASTIQUE! Bouchons alimentaires: eau, lait, sodas, compotes, huile&#8230;&#8230; Couvercles: cr\u00e8me, chocolat, p\u00e2tes \u00e0 tartiner,caf\u00e9, moutarde, tabac&#8230; Attention: enlever les cartonnettes internes Bouchons de produits d&rsquo;hygi\u00e8ne: dentifrice, shampoing, gels douche Bouchons de produits m\u00e9nagers: liquide vaisselle, lessive, assouplissant, a\u00e9rosols Nota: nous prenons aussi les bouchons en li\u00e8ge que nous redonnons aux \u00ab\u00a0bouchons du coeur&hellip;&nbsp;Lire la suite &raquo;Oui, mais quels bouchons?\" \/>\n<meta property=\"og:url\" content=\"https:\/\/revedebouchons61.com\/index.php\/oui-mais-quels-bouchons\/\" \/>\n<meta property=\"og:site_name\" content=\"R\u00eave de bouchons 61\" \/>\n<meta property=\"article:modified_time\" content=\"2026-03-02T08:29:44+00:00\" \/>\n<meta property=\"og:image\" content=\"http:\/\/revedebouchons61.com\/wp-content\/uploads\/2020\/10\/emogi-vert.jpg\" \/>\n<meta name=\"twitter:card\" content=\"summary_large_image\" \/>\n<meta name=\"twitter:label1\" content=\"Dur\u00e9e de lecture estim\u00e9e\" \/>\n\t<meta name=\"twitter:data1\" content=\"2 minutes\" \/>\n<script type=\"application\/ld+json\" class=\"yoast-schema-graph\">{\"@context\":\"https:\/\/schema.org\",\"@graph\":[{\"@type\":\"WebPage\",\"@id\":\"https:\/\/revedebouchons61.com\/index.php\/oui-mais-quels-bouchons\/\",\"url\":\"https:\/\/revedebouchons61.com\/index.php\/oui-mais-quels-bouchons\/\",\"name\":\"Oui, mais quels bouchons? - R\u00eave de bouchons 61\",\"isPartOf\":{\"@id\":\"https:\/\/revedebouchons61.com\/#website\"},\"primaryImageOfPage\":{\"@id\":\"https:\/\/revedebouchons61.com\/index.php\/oui-mais-quels-bouchons\/#primaryimage\"},\"image\":{\"@id\":\"https:\/\/revedebouchons61.com\/index.php\/oui-mais-quels-bouchons\/#primaryimage\"},\"thumbnailUrl\":\"http:\/\/revedebouchons61.com\/wp-content\/uploads\/2020\/10\/emogi-vert.jpg\",\"datePublished\":\"2020-10-01T16:18:11+00:00\",\"dateModified\":\"2026-03-02T08:29:44+00:00\",\"breadcrumb\":{\"@id\":\"https:\/\/revedebouchons61.com\/index.php\/oui-mais-quels-bouchons\/#breadcrumb\"},\"inLanguage\":\"fr-FR\",\"potentialAction\":[{\"@type\":\"ReadAction\",\"target\":[\"https:\/\/revedebouchons61.com\/index.php\/oui-mais-quels-bouchons\/\"]}]},{\"@type\":\"ImageObject\",\"inLanguage\":\"fr-FR\",\"@id\":\"https:\/\/revedebouchons61.com\/index.php\/oui-mais-quels-bouchons\/#primaryimage\",\"url\":\"http:\/\/revedebouchons61.com\/wp-content\/uploads\/2020\/10\/emogi-vert.jpg\",\"contentUrl\":\"http:\/\/revedebouchons61.com\/wp-content\/uploads\/2020\/10\/emogi-vert.jpg\"},{\"@type\":\"BreadcrumbList\",\"@id\":\"https:\/\/revedebouchons61.com\/index.php\/oui-mais-quels-bouchons\/#breadcrumb\",\"itemListElement\":[{\"@type\":\"ListItem\",\"position\":1,\"name\":\"Accueil\",\"item\":\"https:\/\/revedebouchons61.com\/\"},{\"@type\":\"ListItem\",\"position\":2,\"name\":\"Oui, mais quels bouchons?\"}]},{\"@type\":\"WebSite\",\"@id\":\"https:\/\/revedebouchons61.com\/#website\",\"url\":\"https:\/\/revedebouchons61.com\/\",\"name\":\"R\u00eave de bouchons 61\",\"description\":\"Association \u00e0 but humanitaire\",\"potentialAction\":[{\"@type\":\"SearchAction\",\"target\":{\"@type\":\"EntryPoint\",\"urlTemplate\":\"https:\/\/revedebouchons61.com\/?s={search_term_string}\"},\"query-input\":{\"@type\":\"PropertyValueSpecification\",\"valueRequired\":true,\"valueName\":\"search_term_string\"}}],\"inLanguage\":\"fr-FR\"}]}<\/script>\n<!-- \/ Yoast SEO plugin. -->","yoast_head_json":{"title":"Oui, mais quels bouchons? - R\u00eave de bouchons 61","robots":{"index":"index","follow":"follow","max-snippet":"max-snippet:-1","max-image-preview":"max-image-preview:large","max-video-preview":"max-video-preview:-1"},"canonical":"https:\/\/revedebouchons61.com\/index.php\/oui-mais-quels-bouchons\/","og_locale":"fr_FR","og_type":"article","og_title":"Oui, mais quels bouchons? - R\u00eave de bouchons 61","og_description":"QUE DU PLASTIQUE! Bouchons alimentaires: eau, lait, sodas, compotes, huile&#8230;&#8230; Couvercles: cr\u00e8me, chocolat, p\u00e2tes \u00e0 tartiner,caf\u00e9, moutarde, tabac&#8230; Attention: enlever les cartonnettes internes Bouchons de produits d&rsquo;hygi\u00e8ne: dentifrice, shampoing, gels douche Bouchons de produits m\u00e9nagers: liquide vaisselle, lessive, assouplissant, a\u00e9rosols Nota: nous prenons aussi les bouchons en li\u00e8ge que nous redonnons aux \u00ab\u00a0bouchons du coeur&hellip;&nbsp;Lire la suite &raquo;Oui, mais quels bouchons?","og_url":"https:\/\/revedebouchons61.com\/index.php\/oui-mais-quels-bouchons\/","og_site_name":"R\u00eave de bouchons 61","article_modified_time":"2026-03-02T08:29:44+00:00","og_image":[{"url":"http:\/\/revedebouchons61.com\/wp-content\/uploads\/2020\/10\/emogi-vert.jpg","type":"","width":"","height":""}],"twitter_card":"summary_large_image","twitter_misc":{"Dur\u00e9e de lecture estim\u00e9e":"2 minutes"},"schema":{"@context":"https:\/\/schema.org","@graph":[{"@type":"WebPage","@id":"https:\/\/revedebouchons61.com\/index.php\/oui-mais-quels-bouchons\/","url":"https:\/\/revedebouchons61.com\/index.php\/oui-mais-quels-bouchons\/","name":"Oui, mais quels bouchons? - R\u00eave de bouchons 61","isPartOf":{"@id":"https:\/\/revedebouchons61.com\/#website"},"primaryImageOfPage":{"@id":"https:\/\/revedebouchons61.com\/index.php\/oui-mais-quels-bouchons\/#primaryimage"},"image":{"@id":"https:\/\/revedebouchons61.com\/index.php\/oui-mais-quels-bouchons\/#primaryimage"},"thumbnailUrl":"http:\/\/revedebouchons61.com\/wp-content\/uploads\/2020\/10\/emogi-vert.jpg","datePublished":"2020-10-01T16:18:11+00:00","dateModified":"2026-03-02T08:29:44+00:00","breadcrumb":{"@id":"https:\/\/revedebouchons61.com\/index.php\/oui-mais-quels-bouchons\/#breadcrumb"},"inLanguage":"fr-FR","potentialAction":[{"@type":"ReadAction","target":["https:\/\/revedebouchons61.com\/index.php\/oui-mais-quels-bouchons\/"]}]},{"@type":"ImageObject","inLanguage":"fr-FR","@id":"https:\/\/revedebouchons61.com\/index.php\/oui-mais-quels-bouchons\/#primaryimage","url":"http:\/\/revedebouchons61.com\/wp-content\/uploads\/2020\/10\/emogi-vert.jpg","contentUrl":"http:\/\/revedebouchons61.com\/wp-content\/uploads\/2020\/10\/emogi-vert.jpg"},{"@type":"BreadcrumbList","@id":"https:\/\/revedebouchons61.com\/index.php\/oui-mais-quels-bouchons\/#breadcrumb","itemListElement":[{"@type":"ListItem","position":1,"name":"Accueil","item":"https:\/\/revedebouchons61.com\/"},{"@type":"ListItem","position":2,"name":"Oui, mais quels bouchons?"}]},{"@type":"WebSite","@id":"https:\/\/revedebouchons61.com\/#website","url":"https:\/\/revedebouchons61.com\/","name":"R\u00eave de bouchons 61","description":"Association \u00e0 but humanitaire","potentialAction":[{"@type":"SearchAction","target":{"@type":"EntryPoint","urlTemplate":"https:\/\/revedebouchons61.com\/?s={search_term_string}"},"query-input":{"@type":"PropertyValueSpecification","valueRequired":true,"valueName":"search_term_string"}}],"inLanguage":"fr-FR"}]}},"_links":{"self":[{"href":"https:\/\/revedebouchons61.com\/index.php\/wp-json\/wp\/v2\/pages\/442","targetHints":{"allow":["GET"]}}],"collection":[{"href":"https:\/\/revedebouchons61.com\/index.php\/wp-json\/wp\/v2\/pages"}],"about":[{"href":"https:\/\/revedebouchons61.com\/index.php\/wp-json\/wp\/v2\/types\/page"}],"author":[{"embeddable":true,"href":"https:\/\/revedebouchons61.com\/index.php\/wp-json\/wp\/v2\/users\/3"}],"replies":[{"embeddable":true,"href":"https:\/\/revedebouchons61.com\/index.php\/wp-json\/wp\/v2\/comments?post=442"}],"version-history":[{"count":34,"href":"https:\/\/revedebouchons61.com\/index.php\/wp-json\/wp\/v2\/pages\/442\/revisions"}],"predecessor-version":[{"id":1980,"href":"https:\/\/revedebouchons61.com\/index.php\/wp-json\/wp\/v2\/pages\/442\/revisions\/1980"}],"wp:attachment":[{"href":"https:\/\/revedebouchons61.com\/index.php\/wp-json\/wp\/v2\/media?parent=442"}],"curies":[{"name":"wp","href":"https:\/\/api.w.org\/{rel}","templated":true}]}}